{"id":641,"date":"2025-05-02T11:10:46","date_gmt":"2025-05-02T11:10:46","guid":{"rendered":"https:\/\/fireprocare.com\/cookie-policy\/"},"modified":"2025-05-22T15:51:06","modified_gmt":"2025-05-22T15:51:06","slug":"politique-en-matiere-de-fichiers-temoins-cookie","status":"publish","type":"page","link":"https:\/\/fireprocare.com\/fr\/politique-en-matiere-de-fichiers-temoins-cookie\/","title":{"rendered":"Politique en mati\u00e8re de fichiers t\u00e9moins cookie"},"content":{"rendered":"","protected":false},"excerpt":{"rendered":"","protected":false},"author":2,"featured_media":726,"parent":0,"menu_order":0,"comment_status":"closed","ping_status":"closed","template":"","meta":{"_acf_changed":false,"footnotes":""},"class_list":["post-641","page","type-page","status-publish","has-post-thumbnail","hentry"],"acf":[],"yoast_head":"<!-- This site is optimized with the Yoast SEO plugin v25.1 - https:\/\/yoast.com\/wordpress\/plugins\/seo\/ -->\n<title>Politique en mati\u00e8re de fichiers t\u00e9moins cookie | FireProCare<\/title>\n<meta name=\"description\" content=\"Consultez la politique en mati\u00e8re de fichiers t\u00e9moins cookie de FireProCare pour comprendre vos droits, vos responsabilit\u00e9s et les r\u00e8gles d&#039;utilisation de notre plateforme logicielle de l&#039;entretien.\" \/>\n<meta name=\"robots\" content=\"index, follow, max-snippet:-1, max-image-preview:large, max-video-preview:-1\" \/>\n<link rel=\"canonical\" href=\"https:\/\/fireprocare.com\/fr\/politique-en-matiere-de-fichiers-temoins-cookie\/\" \/>\n<meta property=\"og:locale\" content=\"fr_FR\" \/>\n<meta property=\"og:type\" content=\"article\" \/>\n<meta property=\"og:title\" content=\"Politique en mati\u00e8re de fichiers t\u00e9moins cookie | FireProCare\" \/>\n<meta property=\"og:description\" content=\"Consultez la politique en mati\u00e8re de fichiers t\u00e9moins cookie de FireProCare pour comprendre vos droits, vos responsabilit\u00e9s et les r\u00e8gles d&#039;utilisation de notre plateforme logicielle de l&#039;entretien.\" \/>\n<meta property=\"og:url\" content=\"https:\/\/fireprocare.com\/fr\/politique-en-matiere-de-fichiers-temoins-cookie\/\" \/>\n<meta property=\"og:site_name\" content=\"FireProCare\" \/>\n<meta property=\"article:modified_time\" content=\"2025-05-22T15:51:06+00:00\" \/>\n<meta property=\"og:image\" content=\"https:\/\/fireprocare.com\/wp-content\/uploads\/2025\/05\/FPC_Sharing_Image_FR.jpg\" \/>\n\t<meta property=\"og:image:width\" content=\"1200\" \/>\n\t<meta property=\"og:image:height\" content=\"657\" \/>\n\t<meta property=\"og:image:type\" content=\"image\/jpeg\" \/>\n<meta name=\"twitter:card\" content=\"summary_large_image\" \/>\n<meta name=\"twitter:title\" content=\"Politique en mati\u00e8re de fichiers t\u00e9moins cookie | FireProCare\" \/>\n<meta name=\"twitter:description\" content=\"Consultez la politique en mati\u00e8re de fichiers t\u00e9moins cookie de FireProCare pour comprendre vos droits, vos responsabilit\u00e9s et les r\u00e8gles d&#039;utilisation de notre plateforme logicielle de l&#039;entretien.\" \/>\n<meta name=\"twitter:image\" content=\"https:\/\/fireprocare.com\/wp-content\/uploads\/2025\/05\/FPC_Sharing_Image_FR.jpg\" \/>\n<meta name=\"twitter:label1\" content=\"Est. reading time\" \/>\n\t<meta name=\"twitter:data1\" content=\"1 minute\" \/>\n<script type=\"application\/ld+json\" class=\"yoast-schema-graph\">{\"@context\":\"https:\/\/schema.org\",\"@graph\":[{\"@type\":\"WebPage\",\"@id\":\"https:\/\/fireprocare.com\/fr\/politique-en-matiere-de-fichiers-temoins-cookie\/\",\"url\":\"https:\/\/fireprocare.com\/fr\/politique-en-matiere-de-fichiers-temoins-cookie\/\",\"name\":\"Politique en mati\u00e8re de fichiers t\u00e9moins cookie | FireProCare\",\"isPartOf\":{\"@id\":\"https:\/\/fireprocare.com\/fr\/#website\"},\"primaryImageOfPage\":{\"@id\":\"https:\/\/fireprocare.com\/fr\/politique-en-matiere-de-fichiers-temoins-cookie\/#primaryimage\"},\"image\":{\"@id\":\"https:\/\/fireprocare.com\/fr\/politique-en-matiere-de-fichiers-temoins-cookie\/#primaryimage\"},\"thumbnailUrl\":\"https:\/\/fireprocare.com\/wp-content\/uploads\/2025\/05\/FPC_Sharing_Image_FR.jpg\",\"datePublished\":\"2025-05-02T11:10:46+00:00\",\"dateModified\":\"2025-05-22T15:51:06+00:00\",\"description\":\"Consultez la politique en mati\u00e8re de fichiers t\u00e9moins cookie de FireProCare pour comprendre vos droits, vos responsabilit\u00e9s et les r\u00e8gles d'utilisation de notre plateforme logicielle de l'entretien.\",\"breadcrumb\":{\"@id\":\"https:\/\/fireprocare.com\/fr\/politique-en-matiere-de-fichiers-temoins-cookie\/#breadcrumb\"},\"inLanguage\":\"fr-FR\",\"potentialAction\":[{\"@type\":\"ReadAction\",\"target\":[\"https:\/\/fireprocare.com\/fr\/politique-en-matiere-de-fichiers-temoins-cookie\/\"]}]},{\"@type\":\"ImageObject\",\"inLanguage\":\"fr-FR\",\"@id\":\"https:\/\/fireprocare.com\/fr\/politique-en-matiere-de-fichiers-temoins-cookie\/#primaryimage\",\"url\":\"https:\/\/fireprocare.com\/wp-content\/uploads\/2025\/05\/FPC_Sharing_Image_FR.jpg\",\"contentUrl\":\"https:\/\/fireprocare.com\/wp-content\/uploads\/2025\/05\/FPC_Sharing_Image_FR.jpg\",\"width\":1200,\"height\":657},{\"@type\":\"BreadcrumbList\",\"@id\":\"https:\/\/fireprocare.com\/fr\/politique-en-matiere-de-fichiers-temoins-cookie\/#breadcrumb\",\"itemListElement\":[{\"@type\":\"ListItem\",\"position\":1,\"name\":\"Home\",\"item\":\"https:\/\/fireprocare.com\/fr\/\"},{\"@type\":\"ListItem\",\"position\":2,\"name\":\"Politique en mati\u00e8re de fichiers t\u00e9moins cookie\"}]},{\"@type\":\"WebSite\",\"@id\":\"https:\/\/fireprocare.com\/fr\/#website\",\"url\":\"https:\/\/fireprocare.com\/fr\/\",\"name\":\"FireProCare\",\"description\":\"Preventive Maintenance\",\"publisher\":{\"@id\":\"https:\/\/fireprocare.com\/fr\/#organization\"},\"potentialAction\":[{\"@type\":\"SearchAction\",\"target\":{\"@type\":\"EntryPoint\",\"urlTemplate\":\"https:\/\/fireprocare.com\/fr\/?s={search_term_string}\"},\"query-input\":{\"@type\":\"PropertyValueSpecification\",\"valueRequired\":true,\"valueName\":\"search_term_string\"}}],\"inLanguage\":\"fr-FR\"},{\"@type\":\"Organization\",\"@id\":\"https:\/\/fireprocare.com\/fr\/#organization\",\"name\":\"FireProCare\",\"url\":\"https:\/\/fireprocare.com\/fr\/\",\"logo\":{\"@type\":\"ImageObject\",\"inLanguage\":\"fr-FR\",\"@id\":\"https:\/\/fireprocare.com\/fr\/#\/schema\/logo\/image\/\",\"url\":\"https:\/\/fireprocare.com\/wp-content\/uploads\/2025\/05\/fireprocare-logo.svg\",\"contentUrl\":\"https:\/\/fireprocare.com\/wp-content\/uploads\/2025\/05\/fireprocare-logo.svg\",\"caption\":\"FireProCare\"},\"image\":{\"@id\":\"https:\/\/fireprocare.com\/fr\/#\/schema\/logo\/image\/\"}}]}<\/script>\n<!-- \/ Yoast SEO plugin. -->","yoast_head_json":{"title":"Politique en mati\u00e8re de fichiers t\u00e9moins cookie | FireProCare","description":"Consultez la politique en mati\u00e8re de fichiers t\u00e9moins cookie de FireProCare pour comprendre vos droits, vos responsabilit\u00e9s et les r\u00e8gles d'utilisation de notre plateforme logicielle de l'entretien.","robots":{"index":"index","follow":"follow","max-snippet":"max-snippet:-1","max-image-preview":"max-image-preview:large","max-video-preview":"max-video-preview:-1"},"canonical":"https:\/\/fireprocare.com\/fr\/politique-en-matiere-de-fichiers-temoins-cookie\/","og_locale":"fr_FR","og_type":"article","og_title":"Politique en mati\u00e8re de fichiers t\u00e9moins cookie | FireProCare","og_description":"Consultez la politique en mati\u00e8re de fichiers t\u00e9moins cookie de FireProCare pour comprendre vos droits, vos responsabilit\u00e9s et les r\u00e8gles d'utilisation de notre plateforme logicielle de l'entretien.","og_url":"https:\/\/fireprocare.com\/fr\/politique-en-matiere-de-fichiers-temoins-cookie\/","og_site_name":"FireProCare","article_modified_time":"2025-05-22T15:51:06+00:00","og_image":[{"width":1200,"height":657,"url":"https:\/\/fireprocare.com\/wp-content\/uploads\/2025\/05\/FPC_Sharing_Image_FR.jpg","type":"image\/jpeg"}],"twitter_card":"summary_large_image","twitter_title":"Politique en mati\u00e8re de fichiers t\u00e9moins cookie | FireProCare","twitter_description":"Consultez la politique en mati\u00e8re de fichiers t\u00e9moins cookie de FireProCare pour comprendre vos droits, vos responsabilit\u00e9s et les r\u00e8gles d'utilisation de notre plateforme logicielle de l'entretien.","twitter_image":"https:\/\/fireprocare.com\/wp-content\/uploads\/2025\/05\/FPC_Sharing_Image_FR.jpg","twitter_misc":{"Est. reading time":"1 minute"},"schema":{"@context":"https:\/\/schema.org","@graph":[{"@type":"WebPage","@id":"https:\/\/fireprocare.com\/fr\/politique-en-matiere-de-fichiers-temoins-cookie\/","url":"https:\/\/fireprocare.com\/fr\/politique-en-matiere-de-fichiers-temoins-cookie\/","name":"Politique en mati\u00e8re de fichiers t\u00e9moins cookie | FireProCare","isPartOf":{"@id":"https:\/\/fireprocare.com\/fr\/#website"},"primaryImageOfPage":{"@id":"https:\/\/fireprocare.com\/fr\/politique-en-matiere-de-fichiers-temoins-cookie\/#primaryimage"},"image":{"@id":"https:\/\/fireprocare.com\/fr\/politique-en-matiere-de-fichiers-temoins-cookie\/#primaryimage"},"thumbnailUrl":"https:\/\/fireprocare.com\/wp-content\/uploads\/2025\/05\/FPC_Sharing_Image_FR.jpg","datePublished":"2025-05-02T11:10:46+00:00","dateModified":"2025-05-22T15:51:06+00:00","description":"Consultez la politique en mati\u00e8re de fichiers t\u00e9moins cookie de FireProCare pour comprendre vos droits, vos responsabilit\u00e9s et les r\u00e8gles d'utilisation de notre plateforme logicielle de l'entretien.","breadcrumb":{"@id":"https:\/\/fireprocare.com\/fr\/politique-en-matiere-de-fichiers-temoins-cookie\/#breadcrumb"},"inLanguage":"fr-FR","potentialAction":[{"@type":"ReadAction","target":["https:\/\/fireprocare.com\/fr\/politique-en-matiere-de-fichiers-temoins-cookie\/"]}]},{"@type":"ImageObject","inLanguage":"fr-FR","@id":"https:\/\/fireprocare.com\/fr\/politique-en-matiere-de-fichiers-temoins-cookie\/#primaryimage","url":"https:\/\/fireprocare.com\/wp-content\/uploads\/2025\/05\/FPC_Sharing_Image_FR.jpg","contentUrl":"https:\/\/fireprocare.com\/wp-content\/uploads\/2025\/05\/FPC_Sharing_Image_FR.jpg","width":1200,"height":657},{"@type":"BreadcrumbList","@id":"https:\/\/fireprocare.com\/fr\/politique-en-matiere-de-fichiers-temoins-cookie\/#breadcrumb","itemListElement":[{"@type":"ListItem","position":1,"name":"Home","item":"https:\/\/fireprocare.com\/fr\/"},{"@type":"ListItem","position":2,"name":"Politique en mati\u00e8re de fichiers t\u00e9moins cookie"}]},{"@type":"WebSite","@id":"https:\/\/fireprocare.com\/fr\/#website","url":"https:\/\/fireprocare.com\/fr\/","name":"FireProCare","description":"Preventive Maintenance","publisher":{"@id":"https:\/\/fireprocare.com\/fr\/#organization"},"potentialAction":[{"@type":"SearchAction","target":{"@type":"EntryPoint","urlTemplate":"https:\/\/fireprocare.com\/fr\/?s={search_term_string}"},"query-input":{"@type":"PropertyValueSpecification","valueRequired":true,"valueName":"search_term_string"}}],"inLanguage":"fr-FR"},{"@type":"Organization","@id":"https:\/\/fireprocare.com\/fr\/#organization","name":"FireProCare","url":"https:\/\/fireprocare.com\/fr\/","logo":{"@type":"ImageObject","inLanguage":"fr-FR","@id":"https:\/\/fireprocare.com\/fr\/#\/schema\/logo\/image\/","url":"https:\/\/fireprocare.com\/wp-content\/uploads\/2025\/05\/fireprocare-logo.svg","contentUrl":"https:\/\/fireprocare.com\/wp-content\/uploads\/2025\/05\/fireprocare-logo.svg","caption":"FireProCare"},"image":{"@id":"https:\/\/fireprocare.com\/fr\/#\/schema\/logo\/image\/"}}]}},"_links":{"self":[{"href":"https:\/\/fireprocare.com\/fr\/wp-json\/wp\/v2\/pages\/641","targetHints":{"allow":["GET"]}}],"collection":[{"href":"https:\/\/fireprocare.com\/fr\/wp-json\/wp\/v2\/pages"}],"about":[{"href":"https:\/\/fireprocare.com\/fr\/wp-json\/wp\/v2\/types\/page"}],"author":[{"embeddable":true,"href":"https:\/\/fireprocare.com\/fr\/wp-json\/wp\/v2\/users\/2"}],"replies":[{"embeddable":true,"href":"https:\/\/fireprocare.com\/fr\/wp-json\/wp\/v2\/comments?post=641"}],"version-history":[{"count":0,"href":"https:\/\/fireprocare.com\/fr\/wp-json\/wp\/v2\/pages\/641\/revisions"}],"wp:featuredmedia":[{"embeddable":true,"href":"https:\/\/fireprocare.com\/fr\/wp-json\/wp\/v2\/media\/726"}],"wp:attachment":[{"href":"https:\/\/fireprocare.com\/fr\/wp-json\/wp\/v2\/media?parent=641"}],"curies":[{"name":"wp","href":"https:\/\/api.w.org\/{rel}","templated":true}]}}